{"id":4400,"date":"2021-10-12T15:51:09","date_gmt":"2021-10-12T15:51:09","guid":{"rendered":"http:\/\/dummy.xtemos.com\/woodmart2\/elementor\/?page_id=4400"},"modified":"2025-04-17T05:51:03","modified_gmt":"2025-04-17T05:51:03","slug":"about-us-3","status":"publish","type":"page","link":"https:\/\/marketyacciones.com\/index.php\/about-us-3\/","title":{"rendered":"About us"},"content":{"rendered":"\t\t<div data-elementor-type=\"wp-page\" data-elementor-id=\"4400\" class=\"elementor elementor-4400\">\n\t\t\t\t<div class=\"elementor-element elementor-element-7c7c544 e-flex e-con-boxed e-con e-parent\" data-id=\"7c7c544\" data-element_type=\"container\">\n\t\t\t\t\t<div class=\"e-con-inner\">\n\t\t<div class=\"elementor-element elementor-element-e7cb5cd e-con-full e-flex e-con e-child\" data-id=\"e7cb5cd\" data-element_type=\"container\">\n\t\t\t\t<div class=\"elementor-element elementor-element-56aec39 elementor-widget elementor-widget-wd_image_or_svg\" data-id=\"56aec39\" data-element_type=\"widget\" data-widget_type=\"wd_image_or_svg.default\">\n\t\t\t\t<div class=\"elementor-widget-container\">\n\t\t\t\t\t\n\t\t<div class=\"wd-image text-left\">\n\t\t\t\t\t\t\t\t<img fetchpriority=\"high\" decoding=\"async\" width=\"580\" height=\"580\" src=\"https:\/\/marketyacciones.com\/wp-content\/uploads\/2025\/04\/about-us-3-image-1.jpg\" class=\"attachment-full size-full\" alt=\"\" srcset=\"https:\/\/marketyacciones.com\/wp-content\/uploads\/2025\/04\/about-us-3-image-1.jpg 580w, https:\/\/marketyacciones.com\/wp-content\/uploads\/2025\/04\/about-us-3-image-1-300x300.jpg 300w, https:\/\/marketyacciones.com\/wp-content\/uploads\/2025\/04\/about-us-3-image-1-150x150.jpg 150w, https:\/\/marketyacciones.com\/wp-content\/uploads\/2025\/04\/about-us-3-image-1-430x430.jpg 430w\" sizes=\"(max-width: 580px) 100vw, 580px\" \/>\t\t\t\t\t<\/div>\n\n\t\t\t\t\t\t<\/div>\n\t\t\t\t<\/div>\n\t\t\t\t<\/div>\n\t\t<div class=\"elementor-element elementor-element-97d6084 e-con-full e-flex e-con e-child\" data-id=\"97d6084\" data-element_type=\"container\">\n\t\t\t\t<div class=\"elementor-element elementor-element-98d830b elementor-widget__width-initial wd-width-100 elementor-widget elementor-widget-wd_title\" data-id=\"98d830b\" data-element_type=\"widget\" data-widget_type=\"wd_title.default\">\n\t\t\t\t<div class=\"elementor-widget-container\">\n\t\t\t\t\t\t\t<div class=\"title-wrapper set-mb-s reset-last-child wd-title-color-primary wd-title-style-default wd-title-size-large text-left\">\n\n\t\t\t\t\t\t\t<div class=\"title-subtitle subtitle-color-primary subtitle-style-default wd-fontsize-xs\">\n\t\t\t\t\twww.marketyacciones.com\t\t\t\t<\/div>\n\t\t\t\n\t\t\t<div class=\"liner-continer\">\n\t\t\t\t<h4 class=\"woodmart-title-container title wd-fontsize-xxl\">\u00bfQui\u00e9nes Somos?<\/h4> \n\t\t\t\t\t\t\t<\/div>\n\n\t\t\t\t\t\t\t<div class=\"title-after_title set-cont-mb-s reset-last-child wd-fontsize-s\">\n\t\t\t\t\t<p>En <strong>marketyacciones.com<\/strong> creemos que invertir no deber\u00eda ser un privilegio para unos pocos, sino una oportunidad real para todos. Somos una plataforma pensada para acercarte al mundo de las inversiones de forma simple, accesible y confiable.<\/p>\t\t\t\t<\/div>\n\t\t\t\t\t<\/div>\n\t\t\t\t\t\t<\/div>\n\t\t\t\t<\/div>\n\t\t\t\t<div class=\"elementor-element elementor-element-66e47ad elementor-widget elementor-widget-wd_text_block\" data-id=\"66e47ad\" data-element_type=\"widget\" data-widget_type=\"wd_text_block.default\">\n\t\t\t\t<div class=\"elementor-widget-container\">\n\t\t\t\t\t\t\t<div class=\"wd-text-block reset-last-child text-left\">\n\t\t\t\n\t\t\tNacimos con un prop\u00f3sito claro: ayudar a las personas a tomar el control de su futuro financiero. Por eso, ofrecemos acciones a precios accesibles y un completo contenido educativo para que puedas invertir con confianza, sin importar tu experiencia previa.<br>\n\nAqu\u00ed no solo compras acciones. Aqu\u00ed aprendes, creces y das pasos firmes hacia tu libertad financiera.\nConectamos herramientas pr\u00e1cticas, informaci\u00f3n actualizada y estrategias reales que te permitir\u00e1n diversificar tus inversiones en distintas \u00e1reas, desde lo tradicional hasta las nuevas tendencias del mercado.\n\t\t\t\t\t<\/div>\n\t\t\t\t\t\t<\/div>\n\t\t\t\t<\/div>\n\t\t<div class=\"elementor-element elementor-element-3eef7d8 e-con-full e-flex e-con e-child\" data-id=\"3eef7d8\" data-element_type=\"container\">\n\t\t\t\t<div class=\"elementor-element elementor-element-cee0b0c elementor-widget__width-auto elementor-widget elementor-widget-wd_text_block\" data-id=\"cee0b0c\" data-element_type=\"widget\" data-widget_type=\"wd_text_block.default\">\n\t\t\t\t<div class=\"elementor-widget-container\">\n\t\t\t\t\t\t\t<div class=\"wd-text-block reset-last-child text-left\">\n\t\t\t\n\t\t\t<a href=\"http:\/\/xtemos.com\"><strong><em> <span style=\"color: #cd1d1d;\"><\/span>Equipo marketyacciones.com @ 2025<\/em><\/strong><\/a>\n\t\t\t\t\t<\/div>\n\t\t\t\t\t\t<\/div>\n\t\t\t\t<\/div>\n\t\t\t\t<div class=\"elementor-element elementor-element-ee232e9 elementor-widget__width-auto elementor-hidden-phone elementor-widget elementor-widget-wd_social_buttons\" data-id=\"ee232e9\" data-element_type=\"widget\" data-widget_type=\"wd_social_buttons.default\">\n\t\t\t\t<div class=\"elementor-widget-container\">\n\t\t\t\t\t\n\t\t\t<div class=\" wd-social-icons icons-design-colored-alt icons-size-small color-scheme-dark social-follow social-form-circle text-left\">\n\n\t\t\t\t\n\t\t\t\t\t\t\t\t\t<a rel=\"noopener noreferrer nofollow\" href=\"#\" target=\"_blank\" class=\" wd-social-icon social-facebook\" aria-label=\"Facebook social link\">\n\t\t\t\t\t\t<span class=\"wd-icon\"><\/span>\n\t\t\t\t\t\t\t\t\t\t\t<\/a>\n\t\t\t\t\n\t\t\t\t\t\t\t\t\t<a rel=\"noopener noreferrer nofollow\" href=\"#\" target=\"_blank\" class=\" wd-social-icon social-twitter\" aria-label=\"X social link\">\n\t\t\t\t\t\t<span class=\"wd-icon\"><\/span>\n\t\t\t\t\t\t\t\t\t\t\t<\/a>\n\t\t\t\t\n\t\t\t\t\n\t\t\t\t\t\t\t\t\t<a rel=\"noopener noreferrer nofollow\" href=\"#\" target=\"_blank\" class=\" wd-social-icon social-instagram\" aria-label=\"Instagram social link\">\n\t\t\t\t\t\t<span class=\"wd-icon\"><\/span>\n\t\t\t\t\t\t\t\t\t\t\t<\/a>\n\t\t\t\t\n\t\t\t\t\t\t\t\t\t<a rel=\"noopener noreferrer nofollow\" href=\"#\" target=\"_blank\" class=\" wd-social-icon social-youtube\" aria-label=\"YouTube social link\">\n\t\t\t\t\t\t<span class=\"wd-icon\"><\/span>\n\t\t\t\t\t\t\t\t\t\t\t<\/a>\n\t\t\t\t\n\t\t\t\t\t\t\t\t\t<a rel=\"noopener noreferrer nofollow\" href=\"#\" target=\"_blank\" class=\" wd-social-icon social-pinterest\" aria-label=\"Pinterest social link\">\n\t\t\t\t\t\t<span class=\"wd-icon\"><\/span>\n\t\t\t\t\t\t\t\t\t\t\t<\/a>\n\t\t\t\t\n\t\t\t\t\n\t\t\t\t\n\t\t\t\t\n\t\t\t\t\n\t\t\t\t\n\t\t\t\t\n\t\t\t\t\n\t\t\t\t\n\t\t\t\t\n\t\t\t\t\n\t\t\t\t\n\t\t\t\t\t\t\t\t\n\t\t\t\t\t\t\t\t\n\t\t\t\t\n\t\t\t\t\n\t\t\t\t\t\t\t\t\n\t\t\t\t\n\t\t\t<\/div>\n\n\t\t\t\t\t\t<\/div>\n\t\t\t\t<\/div>\n\t\t\t\t<\/div>\n\t\t\t\t<\/div>\n\t\t\t\t\t<\/div>\n\t\t\t\t<\/div>\n\t\t\t\t<\/div>\n\t\t","protected":false},"excerpt":{"rendered":"<p>www.marketyacciones.com \u00bfQui\u00e9nes Somos? En marketyacciones.com creemos que invertir no deber\u00eda ser un privilegio para unos pocos, sino una oportunidad real<\/p>\n","protected":false},"author":1,"featured_media":0,"parent":0,"menu_order":0,"comment_status":"closed","ping_status":"closed","template":"","meta":{"footnotes":""},"class_list":["post-4400","page","type-page","status-publish","hentry"],"yoast_head":"<!-- This site is optimized with the Yoast SEO plugin v24.8.1 - https:\/\/yoast.com\/wordpress\/plugins\/seo\/ -->\n<title>About us - Marketplace y Acciones<\/title>\n<meta name=\"robots\" content=\"index, follow, max-snippet:-1, max-image-preview:large, max-video-preview:-1\" \/>\n<link rel=\"canonical\" href=\"https:\/\/marketyacciones.com\/index.php\/about-us-3\/\" \/>\n<meta property=\"og:locale\" content=\"es_ES\" \/>\n<meta property=\"og:type\" content=\"article\" \/>\n<meta property=\"og:title\" content=\"About us - Marketplace y Acciones\" \/>\n<meta property=\"og:description\" content=\"www.marketyacciones.com \u00bfQui\u00e9nes Somos? En marketyacciones.com creemos que invertir no deber\u00eda ser un privilegio para unos pocos, sino una oportunidad real\" \/>\n<meta property=\"og:url\" content=\"https:\/\/marketyacciones.com\/index.php\/about-us-3\/\" \/>\n<meta property=\"og:site_name\" content=\"Marketplace y Acciones\" \/>\n<meta property=\"article:modified_time\" content=\"2025-04-17T05:51:03+00:00\" \/>\n<meta property=\"og:image\" content=\"https:\/\/marketyacciones.com\/wp-content\/uploads\/2025\/04\/about-us-3-image-1.jpg\" \/>\n<meta name=\"twitter:card\" content=\"summary_large_image\" \/>\n<meta name=\"twitter:label1\" content=\"Tiempo de lectura\" \/>\n\t<meta name=\"twitter:data1\" content=\"1 minuto\" \/>\n<script type=\"application\/ld+json\" class=\"yoast-schema-graph\">{\"@context\":\"https:\/\/schema.org\",\"@graph\":[{\"@type\":\"WebPage\",\"@id\":\"https:\/\/marketyacciones.com\/index.php\/about-us-3\/\",\"url\":\"https:\/\/marketyacciones.com\/index.php\/about-us-3\/\",\"name\":\"About us - Marketplace y Acciones\",\"isPartOf\":{\"@id\":\"https:\/\/marketyacciones.com\/#website\"},\"primaryImageOfPage\":{\"@id\":\"https:\/\/marketyacciones.com\/index.php\/about-us-3\/#primaryimage\"},\"image\":{\"@id\":\"https:\/\/marketyacciones.com\/index.php\/about-us-3\/#primaryimage\"},\"thumbnailUrl\":\"https:\/\/marketyacciones.com\/wp-content\/uploads\/2025\/04\/about-us-3-image-1.jpg\",\"datePublished\":\"2021-10-12T15:51:09+00:00\",\"dateModified\":\"2025-04-17T05:51:03+00:00\",\"breadcrumb\":{\"@id\":\"https:\/\/marketyacciones.com\/index.php\/about-us-3\/#breadcrumb\"},\"inLanguage\":\"es\",\"potentialAction\":[{\"@type\":\"ReadAction\",\"target\":[\"https:\/\/marketyacciones.com\/index.php\/about-us-3\/\"]}]},{\"@type\":\"ImageObject\",\"inLanguage\":\"es\",\"@id\":\"https:\/\/marketyacciones.com\/index.php\/about-us-3\/#primaryimage\",\"url\":\"https:\/\/marketyacciones.com\/wp-content\/uploads\/2025\/04\/about-us-3-image-1.jpg\",\"contentUrl\":\"https:\/\/marketyacciones.com\/wp-content\/uploads\/2025\/04\/about-us-3-image-1.jpg\",\"width\":580,\"height\":580},{\"@type\":\"BreadcrumbList\",\"@id\":\"https:\/\/marketyacciones.com\/index.php\/about-us-3\/#breadcrumb\",\"itemListElement\":[{\"@type\":\"ListItem\",\"position\":1,\"name\":\"Portada\",\"item\":\"https:\/\/marketyacciones.com\/\"},{\"@type\":\"ListItem\",\"position\":2,\"name\":\"About us\"}]},{\"@type\":\"WebSite\",\"@id\":\"https:\/\/marketyacciones.com\/#website\",\"url\":\"https:\/\/marketyacciones.com\/\",\"name\":\"Marketplace y Acciones\",\"description\":\"Libertad financiera a tu alcance\",\"publisher\":{\"@id\":\"https:\/\/marketyacciones.com\/#organization\"},\"potentialAction\":[{\"@type\":\"SearchAction\",\"target\":{\"@type\":\"EntryPoint\",\"urlTemplate\":\"https:\/\/marketyacciones.com\/?s={search_term_string}\"},\"query-input\":{\"@type\":\"PropertyValueSpecification\",\"valueRequired\":true,\"valueName\":\"search_term_string\"}}],\"inLanguage\":\"es\"},{\"@type\":\"Organization\",\"@id\":\"https:\/\/marketyacciones.com\/#organization\",\"name\":\"Marketplace y Acciones\",\"url\":\"https:\/\/marketyacciones.com\/\",\"logo\":{\"@type\":\"ImageObject\",\"inLanguage\":\"es\",\"@id\":\"https:\/\/marketyacciones.com\/#\/schema\/logo\/image\/\",\"url\":\"https:\/\/marketyacciones.com\/wp-content\/uploads\/2025\/04\/logo-1.png\",\"contentUrl\":\"https:\/\/marketyacciones.com\/wp-content\/uploads\/2025\/04\/logo-1.png\",\"width\":474,\"height\":61,\"caption\":\"Marketplace y Acciones\"},\"image\":{\"@id\":\"https:\/\/marketyacciones.com\/#\/schema\/logo\/image\/\"}}]}<\/script>\n<!-- \/ Yoast SEO plugin. -->","yoast_head_json":{"title":"About us - Marketplace y Acciones","robots":{"index":"index","follow":"follow","max-snippet":"max-snippet:-1","max-image-preview":"max-image-preview:large","max-video-preview":"max-video-preview:-1"},"canonical":"https:\/\/marketyacciones.com\/index.php\/about-us-3\/","og_locale":"es_ES","og_type":"article","og_title":"About us - Marketplace y Acciones","og_description":"www.marketyacciones.com \u00bfQui\u00e9nes Somos? En marketyacciones.com creemos que invertir no deber\u00eda ser un privilegio para unos pocos, sino una oportunidad real","og_url":"https:\/\/marketyacciones.com\/index.php\/about-us-3\/","og_site_name":"Marketplace y Acciones","article_modified_time":"2025-04-17T05:51:03+00:00","og_image":[{"url":"https:\/\/marketyacciones.com\/wp-content\/uploads\/2025\/04\/about-us-3-image-1.jpg","type":"","width":"","height":""}],"twitter_card":"summary_large_image","twitter_misc":{"Tiempo de lectura":"1 minuto"},"schema":{"@context":"https:\/\/schema.org","@graph":[{"@type":"WebPage","@id":"https:\/\/marketyacciones.com\/index.php\/about-us-3\/","url":"https:\/\/marketyacciones.com\/index.php\/about-us-3\/","name":"About us - Marketplace y Acciones","isPartOf":{"@id":"https:\/\/marketyacciones.com\/#website"},"primaryImageOfPage":{"@id":"https:\/\/marketyacciones.com\/index.php\/about-us-3\/#primaryimage"},"image":{"@id":"https:\/\/marketyacciones.com\/index.php\/about-us-3\/#primaryimage"},"thumbnailUrl":"https:\/\/marketyacciones.com\/wp-content\/uploads\/2025\/04\/about-us-3-image-1.jpg","datePublished":"2021-10-12T15:51:09+00:00","dateModified":"2025-04-17T05:51:03+00:00","breadcrumb":{"@id":"https:\/\/marketyacciones.com\/index.php\/about-us-3\/#breadcrumb"},"inLanguage":"es","potentialAction":[{"@type":"ReadAction","target":["https:\/\/marketyacciones.com\/index.php\/about-us-3\/"]}]},{"@type":"ImageObject","inLanguage":"es","@id":"https:\/\/marketyacciones.com\/index.php\/about-us-3\/#primaryimage","url":"https:\/\/marketyacciones.com\/wp-content\/uploads\/2025\/04\/about-us-3-image-1.jpg","contentUrl":"https:\/\/marketyacciones.com\/wp-content\/uploads\/2025\/04\/about-us-3-image-1.jpg","width":580,"height":580},{"@type":"BreadcrumbList","@id":"https:\/\/marketyacciones.com\/index.php\/about-us-3\/#breadcrumb","itemListElement":[{"@type":"ListItem","position":1,"name":"Portada","item":"https:\/\/marketyacciones.com\/"},{"@type":"ListItem","position":2,"name":"About us"}]},{"@type":"WebSite","@id":"https:\/\/marketyacciones.com\/#website","url":"https:\/\/marketyacciones.com\/","name":"Marketplace y Acciones","description":"Libertad financiera a tu alcance","publisher":{"@id":"https:\/\/marketyacciones.com\/#organization"},"potentialAction":[{"@type":"SearchAction","target":{"@type":"EntryPoint","urlTemplate":"https:\/\/marketyacciones.com\/?s={search_term_string}"},"query-input":{"@type":"PropertyValueSpecification","valueRequired":true,"valueName":"search_term_string"}}],"inLanguage":"es"},{"@type":"Organization","@id":"https:\/\/marketyacciones.com\/#organization","name":"Marketplace y Acciones","url":"https:\/\/marketyacciones.com\/","logo":{"@type":"ImageObject","inLanguage":"es","@id":"https:\/\/marketyacciones.com\/#\/schema\/logo\/image\/","url":"https:\/\/marketyacciones.com\/wp-content\/uploads\/2025\/04\/logo-1.png","contentUrl":"https:\/\/marketyacciones.com\/wp-content\/uploads\/2025\/04\/logo-1.png","width":474,"height":61,"caption":"Marketplace y Acciones"},"image":{"@id":"https:\/\/marketyacciones.com\/#\/schema\/logo\/image\/"}}]}},"_links":{"self":[{"href":"https:\/\/marketyacciones.com\/index.php\/wp-json\/wp\/v2\/pages\/4400","targetHints":{"allow":["GET"]}}],"collection":[{"href":"https:\/\/marketyacciones.com\/index.php\/wp-json\/wp\/v2\/pages"}],"about":[{"href":"https:\/\/marketyacciones.com\/index.php\/wp-json\/wp\/v2\/types\/page"}],"author":[{"embeddable":true,"href":"https:\/\/marketyacciones.com\/index.php\/wp-json\/wp\/v2\/users\/1"}],"replies":[{"embeddable":true,"href":"https:\/\/marketyacciones.com\/index.php\/wp-json\/wp\/v2\/comments?post=4400"}],"version-history":[{"count":9,"href":"https:\/\/marketyacciones.com\/index.php\/wp-json\/wp\/v2\/pages\/4400\/revisions"}],"predecessor-version":[{"id":15867,"href":"https:\/\/marketyacciones.com\/index.php\/wp-json\/wp\/v2\/pages\/4400\/revisions\/15867"}],"wp:attachment":[{"href":"https:\/\/marketyacciones.com\/index.php\/wp-json\/wp\/v2\/media?parent=4400"}],"curies":[{"name":"wp","href":"https:\/\/api.w.org\/{rel}","templated":true}]}}