{"id":15929,"date":"2025-04-17T07:08:32","date_gmt":"2025-04-17T07:08:32","guid":{"rendered":"https:\/\/marketyacciones.com\/?post_type=product&#038;p=15929"},"modified":"2025-04-24T23:56:52","modified_gmt":"2025-04-24T23:56:52","slug":"inversion-premium","status":"publish","type":"product","link":"https:\/\/marketyacciones.com\/index.php\/product\/inversion-premium\/","title":{"rendered":"Inversi\u00f3n Premium"},"content":{"rendered":"\t\t<div data-elementor-type=\"wp-post\" data-elementor-id=\"15929\" class=\"elementor elementor-15929\">\n\t\t\t\t<div class=\"elementor-element elementor-element-8fe9a00 e-flex e-con-boxed e-con e-parent\" data-id=\"8fe9a00\" data-element_type=\"container\">\n\t\t\t\t\t<div class=\"e-con-inner\">\n\t\t<div class=\"elementor-element elementor-element-430e551 e-con-full e-flex e-con e-child\" data-id=\"430e551\" data-element_type=\"container\">\n\t\t\t\t<div class=\"elementor-element elementor-element-05c1d79 elementor-widget elementor-widget-wd_text_block\" data-id=\"05c1d79\" data-element_type=\"widget\" data-widget_type=\"wd_text_block.default\">\n\t\t\t\t<div class=\"elementor-widget-container\">\n\t\t\t\t\t\t\t<div class=\"wd-text-block reset-last-child text-left\">\n\t\t\t\n\t\t\t<p>Puedes invertir, <strong>Platinium<\/strong>, tu libertad financiera, con una inversi\u00f3n de $ <strong>5.000 USD<\/strong>, puedes acceder <strong>555.555<\/strong> acciones privadas a precio de <strong>9 USD<\/strong>, cada una.<br \/>Por lo que, puedes invertir por tiempo, plazo ilimitado y hasta cuando la acci\u00f3n valga el precio a usted le parezca el precio adecuado de venta. seg\u00fan su \u00faltima tasaci\u00f3n.<br \/>Cumplido el plazo de la inversi\u00f3n, seg\u00fan su criterio y cumpliendo el precio apropiado y a su entera satisfacci\u00f3n de la acci\u00f3n.<br \/>Estar\u00e1s recibiendo una cantidad de <strong>$ USD<\/strong> que, podr\u00e1s solicitar, se deposite a tu cuenta de mayor confianza, luego de realizar la solicitud de dep\u00f3sito de tus ganancias y ambas partes le den el finiquito a nuestro acuerdo.<\/p>\n\t\t\t\t\t<\/div>\n\t\t\t\t\t\t<\/div>\n\t\t\t\t<\/div>\n\t\t\t\t<\/div>\n\t\t\t\t\t<\/div>\n\t\t\t\t<\/div>\n\t\t\t\t<\/div>\n\t\t","protected":false},"excerpt":{"rendered":"<p>Libertad financiera, con una inversi\u00f3n de $ <strong>5.000<\/strong> USD, puedes acceder <strong>555.555<\/strong> acciones privadas a precio de <strong>9 USD<\/strong>, cada una.<\/p>\n","protected":false},"featured_media":15931,"comment_status":"open","ping_status":"closed","template":"","meta":[],"product_brand":[],"product_cat":[29,20],"product_tag":[],"class_list":{"0":"post-15929","1":"product","2":"type-product","3":"status-publish","4":"has-post-thumbnail","6":"product_cat-acciones","7":"product_cat-inversiones","9":"first","10":"instock","11":"featured","12":"shipping-taxable","13":"purchasable","14":"product-type-simple"},"yoast_head":"<!-- This site is optimized with the Yoast SEO plugin v24.8.1 - https:\/\/yoast.com\/wordpress\/plugins\/seo\/ -->\n<title>Inversi\u00f3n Premium - Marketplace y Acciones<\/title>\n<meta name=\"robots\" content=\"index, follow, max-snippet:-1, max-image-preview:large, max-video-preview:-1\" \/>\n<link rel=\"canonical\" href=\"https:\/\/marketyacciones.com\/index.php\/product\/inversion-premium\/\" \/>\n<meta property=\"og:locale\" content=\"es_ES\" \/>\n<meta property=\"og:type\" content=\"article\" \/>\n<meta property=\"og:title\" content=\"Inversi\u00f3n Premium - Marketplace y Acciones\" \/>\n<meta property=\"og:description\" content=\"Libertad financiera, con una inversi\u00f3n de $ 5.000 USD, puedes acceder 555.555 acciones privadas a precio de 9 USD, cada una.\" \/>\n<meta property=\"og:url\" content=\"https:\/\/marketyacciones.com\/index.php\/product\/inversion-premium\/\" \/>\n<meta property=\"og:site_name\" content=\"Marketplace y Acciones\" \/>\n<meta property=\"article:modified_time\" content=\"2025-04-24T23:56:52+00:00\" \/>\n<meta property=\"og:image\" content=\"https:\/\/marketyacciones.com\/wp-content\/uploads\/2025\/04\/images.png\" \/>\n\t<meta property=\"og:image:width\" content=\"225\" \/>\n\t<meta property=\"og:image:height\" content=\"225\" \/>\n\t<meta property=\"og:image:type\" content=\"image\/png\" \/>\n<meta name=\"twitter:card\" content=\"summary_large_image\" \/>\n<meta name=\"twitter:label1\" content=\"Tiempo de lectura\" \/>\n\t<meta name=\"twitter:data1\" content=\"1 minuto\" \/>\n<script type=\"application\/ld+json\" class=\"yoast-schema-graph\">{\"@context\":\"https:\/\/schema.org\",\"@graph\":[{\"@type\":\"WebPage\",\"@id\":\"https:\/\/marketyacciones.com\/index.php\/product\/inversion-premium\/\",\"url\":\"https:\/\/marketyacciones.com\/index.php\/product\/inversion-premium\/\",\"name\":\"Inversi\u00f3n Premium - Marketplace y Acciones\",\"isPartOf\":{\"@id\":\"https:\/\/marketyacciones.com\/#website\"},\"primaryImageOfPage\":{\"@id\":\"https:\/\/marketyacciones.com\/index.php\/product\/inversion-premium\/#primaryimage\"},\"image\":{\"@id\":\"https:\/\/marketyacciones.com\/index.php\/product\/inversion-premium\/#primaryimage\"},\"thumbnailUrl\":\"https:\/\/marketyacciones.com\/wp-content\/uploads\/2025\/04\/images.png\",\"datePublished\":\"2025-04-17T07:08:32+00:00\",\"dateModified\":\"2025-04-24T23:56:52+00:00\",\"breadcrumb\":{\"@id\":\"https:\/\/marketyacciones.com\/index.php\/product\/inversion-premium\/#breadcrumb\"},\"inLanguage\":\"es\",\"potentialAction\":[{\"@type\":\"ReadAction\",\"target\":[\"https:\/\/marketyacciones.com\/index.php\/product\/inversion-premium\/\"]}]},{\"@type\":\"ImageObject\",\"inLanguage\":\"es\",\"@id\":\"https:\/\/marketyacciones.com\/index.php\/product\/inversion-premium\/#primaryimage\",\"url\":\"https:\/\/marketyacciones.com\/wp-content\/uploads\/2025\/04\/images.png\",\"contentUrl\":\"https:\/\/marketyacciones.com\/wp-content\/uploads\/2025\/04\/images.png\",\"width\":225,\"height\":225},{\"@type\":\"BreadcrumbList\",\"@id\":\"https:\/\/marketyacciones.com\/index.php\/product\/inversion-premium\/#breadcrumb\",\"itemListElement\":[{\"@type\":\"ListItem\",\"position\":1,\"name\":\"Portada\",\"item\":\"https:\/\/marketyacciones.com\/\"},{\"@type\":\"ListItem\",\"position\":2,\"name\":\"Marketplace\",\"item\":\"https:\/\/marketyacciones.com\/index.php\/shop\/\"},{\"@type\":\"ListItem\",\"position\":3,\"name\":\"Inversi\u00f3n Premium\"}]},{\"@type\":\"WebSite\",\"@id\":\"https:\/\/marketyacciones.com\/#website\",\"url\":\"https:\/\/marketyacciones.com\/\",\"name\":\"Marketplace y Acciones\",\"description\":\"Libertad financiera a tu alcance\",\"publisher\":{\"@id\":\"https:\/\/marketyacciones.com\/#organization\"},\"potentialAction\":[{\"@type\":\"SearchAction\",\"target\":{\"@type\":\"EntryPoint\",\"urlTemplate\":\"https:\/\/marketyacciones.com\/?s={search_term_string}\"},\"query-input\":{\"@type\":\"PropertyValueSpecification\",\"valueRequired\":true,\"valueName\":\"search_term_string\"}}],\"inLanguage\":\"es\"},{\"@type\":\"Organization\",\"@id\":\"https:\/\/marketyacciones.com\/#organization\",\"name\":\"Marketplace y Acciones\",\"url\":\"https:\/\/marketyacciones.com\/\",\"logo\":{\"@type\":\"ImageObject\",\"inLanguage\":\"es\",\"@id\":\"https:\/\/marketyacciones.com\/#\/schema\/logo\/image\/\",\"url\":\"https:\/\/marketyacciones.com\/wp-content\/uploads\/2025\/04\/logo-1.png\",\"contentUrl\":\"https:\/\/marketyacciones.com\/wp-content\/uploads\/2025\/04\/logo-1.png\",\"width\":474,\"height\":61,\"caption\":\"Marketplace y Acciones\"},\"image\":{\"@id\":\"https:\/\/marketyacciones.com\/#\/schema\/logo\/image\/\"}}]}<\/script>\n<!-- \/ Yoast SEO plugin. -->","yoast_head_json":{"title":"Inversi\u00f3n Premium - Marketplace y Acciones","robots":{"index":"index","follow":"follow","max-snippet":"max-snippet:-1","max-image-preview":"max-image-preview:large","max-video-preview":"max-video-preview:-1"},"canonical":"https:\/\/marketyacciones.com\/index.php\/product\/inversion-premium\/","og_locale":"es_ES","og_type":"article","og_title":"Inversi\u00f3n Premium - Marketplace y Acciones","og_description":"Libertad financiera, con una inversi\u00f3n de $ 5.000 USD, puedes acceder 555.555 acciones privadas a precio de 9 USD, cada una.","og_url":"https:\/\/marketyacciones.com\/index.php\/product\/inversion-premium\/","og_site_name":"Marketplace y Acciones","article_modified_time":"2025-04-24T23:56:52+00:00","og_image":[{"width":225,"height":225,"url":"https:\/\/marketyacciones.com\/wp-content\/uploads\/2025\/04\/images.png","type":"image\/png"}],"twitter_card":"summary_large_image","twitter_misc":{"Tiempo de lectura":"1 minuto"},"schema":{"@context":"https:\/\/schema.org","@graph":[{"@type":"WebPage","@id":"https:\/\/marketyacciones.com\/index.php\/product\/inversion-premium\/","url":"https:\/\/marketyacciones.com\/index.php\/product\/inversion-premium\/","name":"Inversi\u00f3n Premium - Marketplace y Acciones","isPartOf":{"@id":"https:\/\/marketyacciones.com\/#website"},"primaryImageOfPage":{"@id":"https:\/\/marketyacciones.com\/index.php\/product\/inversion-premium\/#primaryimage"},"image":{"@id":"https:\/\/marketyacciones.com\/index.php\/product\/inversion-premium\/#primaryimage"},"thumbnailUrl":"https:\/\/marketyacciones.com\/wp-content\/uploads\/2025\/04\/images.png","datePublished":"2025-04-17T07:08:32+00:00","dateModified":"2025-04-24T23:56:52+00:00","breadcrumb":{"@id":"https:\/\/marketyacciones.com\/index.php\/product\/inversion-premium\/#breadcrumb"},"inLanguage":"es","potentialAction":[{"@type":"ReadAction","target":["https:\/\/marketyacciones.com\/index.php\/product\/inversion-premium\/"]}]},{"@type":"ImageObject","inLanguage":"es","@id":"https:\/\/marketyacciones.com\/index.php\/product\/inversion-premium\/#primaryimage","url":"https:\/\/marketyacciones.com\/wp-content\/uploads\/2025\/04\/images.png","contentUrl":"https:\/\/marketyacciones.com\/wp-content\/uploads\/2025\/04\/images.png","width":225,"height":225},{"@type":"BreadcrumbList","@id":"https:\/\/marketyacciones.com\/index.php\/product\/inversion-premium\/#breadcrumb","itemListElement":[{"@type":"ListItem","position":1,"name":"Portada","item":"https:\/\/marketyacciones.com\/"},{"@type":"ListItem","position":2,"name":"Marketplace","item":"https:\/\/marketyacciones.com\/index.php\/shop\/"},{"@type":"ListItem","position":3,"name":"Inversi\u00f3n Premium"}]},{"@type":"WebSite","@id":"https:\/\/marketyacciones.com\/#website","url":"https:\/\/marketyacciones.com\/","name":"Marketplace y Acciones","description":"Libertad financiera a tu alcance","publisher":{"@id":"https:\/\/marketyacciones.com\/#organization"},"potentialAction":[{"@type":"SearchAction","target":{"@type":"EntryPoint","urlTemplate":"https:\/\/marketyacciones.com\/?s={search_term_string}"},"query-input":{"@type":"PropertyValueSpecification","valueRequired":true,"valueName":"search_term_string"}}],"inLanguage":"es"},{"@type":"Organization","@id":"https:\/\/marketyacciones.com\/#organization","name":"Marketplace y Acciones","url":"https:\/\/marketyacciones.com\/","logo":{"@type":"ImageObject","inLanguage":"es","@id":"https:\/\/marketyacciones.com\/#\/schema\/logo\/image\/","url":"https:\/\/marketyacciones.com\/wp-content\/uploads\/2025\/04\/logo-1.png","contentUrl":"https:\/\/marketyacciones.com\/wp-content\/uploads\/2025\/04\/logo-1.png","width":474,"height":61,"caption":"Marketplace y Acciones"},"image":{"@id":"https:\/\/marketyacciones.com\/#\/schema\/logo\/image\/"}}]}},"_links":{"self":[{"href":"https:\/\/marketyacciones.com\/index.php\/wp-json\/wp\/v2\/product\/15929","targetHints":{"allow":["GET"]}}],"collection":[{"href":"https:\/\/marketyacciones.com\/index.php\/wp-json\/wp\/v2\/product"}],"about":[{"href":"https:\/\/marketyacciones.com\/index.php\/wp-json\/wp\/v2\/types\/product"}],"replies":[{"embeddable":true,"href":"https:\/\/marketyacciones.com\/index.php\/wp-json\/wp\/v2\/comments?post=15929"}],"version-history":[{"count":7,"href":"https:\/\/marketyacciones.com\/index.php\/wp-json\/wp\/v2\/product\/15929\/revisions"}],"predecessor-version":[{"id":16028,"href":"https:\/\/marketyacciones.com\/index.php\/wp-json\/wp\/v2\/product\/15929\/revisions\/16028"}],"wp:featuredmedia":[{"embeddable":true,"href":"https:\/\/marketyacciones.com\/index.php\/wp-json\/wp\/v2\/media\/15931"}],"wp:attachment":[{"href":"https:\/\/marketyacciones.com\/index.php\/wp-json\/wp\/v2\/media?parent=15929"}],"wp:term":[{"taxonomy":"product_brand","embeddable":true,"href":"https:\/\/marketyacciones.com\/index.php\/wp-json\/wp\/v2\/product_brand?post=15929"},{"taxonomy":"product_cat","embeddable":true,"href":"https:\/\/marketyacciones.com\/index.php\/wp-json\/wp\/v2\/product_cat?post=15929"},{"taxonomy":"product_tag","embeddable":true,"href":"https:\/\/marketyacciones.com\/index.php\/wp-json\/wp\/v2\/product_tag?post=15929"}],"curies":[{"name":"wp","href":"https:\/\/api.w.org\/{rel}","templated":true}]}}